{"id":302,"date":"2025-10-17T09:29:36","date_gmt":"2025-10-17T09:29:36","guid":{"rendered":"https:\/\/bueninformatico.com\/wordpress\/?page_id=302"},"modified":"2025-10-17T09:37:32","modified_gmt":"2025-10-17T09:37:32","slug":"contacto","status":"publish","type":"page","link":"https:\/\/bueninformatico.com\/wordpress\/contacto\/","title":{"rendered":""},"content":{"rendered":"\t\t<div data-elementor-type=\"wp-page\" data-elementor-id=\"302\" class=\"elementor elementor-302\">\n\t\t\t\t\t\t<section class=\"elementor-section elementor-top-section elementor-element elementor-element-2a563fd elementor-section-full_width elementor-section-height-default elementor-section-height-default\" data-id=\"2a563fd\" data-element_type=\"section\" data-e-type=\"section\">\n\t\t\t\t\t\t<div class=\"elementor-container elementor-column-gap-default\">\n\t\t\t\t\t<div class=\"elementor-column elementor-col-50 elementor-top-column elementor-element elementor-element-d691f77\" data-id=\"d691f77\" data-element_type=\"column\" data-e-type=\"column\">\n\t\t\t<div class=\"elementor-widget-wrap elementor-element-populated\">\n\t\t\t\t\t\t<div class=\"elementor-element elementor-element-9562d7e elementor-widget elementor-widget-image\" data-id=\"9562d7e\" data-element_type=\"widget\" data-e-type=\"widget\" data-widget_type=\"image.default\">\n\t\t\t\t<div class=\"elementor-widget-container\">\n\t\t\t\t\t\t\t\t\t\t\t\t\t\t\t\t<a href=\"https:\/\/api.whatsapp.com\/send?phone=34600694450&#038;text=\" target=\"_blank\">\n\t\t\t\t\t\t\t<img decoding=\"async\" width=\"100\" height=\"100\" src=\"https:\/\/bueninformatico.com\/wordpress\/wp-content\/uploads\/2025\/03\/whatsApp.png\" class=\"attachment-full size-full wp-image-2671\" alt=\"\" \/>\t\t\t\t\t\t\t\t<\/a>\n\t\t\t\t\t\t\t\t\t\t\t\t\t\t\t<\/div>\n\t\t\t\t<\/div>\n\t\t\t\t\t<\/div>\n\t\t<\/div>\n\t\t\t\t<div class=\"elementor-column elementor-col-50 elementor-top-column elementor-element elementor-element-6258bc8\" data-id=\"6258bc8\" data-element_type=\"column\" data-e-type=\"column\">\n\t\t\t<div class=\"elementor-widget-wrap elementor-element-populated\">\n\t\t\t\t\t\t<div class=\"elementor-element elementor-element-a91d1d1 elementor-widget__width-initial elementor-widget elementor-widget-text-editor\" data-id=\"a91d1d1\" data-element_type=\"widget\" data-e-type=\"widget\" data-widget_type=\"text-editor.default\">\n\t\t\t\t<div class=\"elementor-widget-container\">\n\t\t\t\t\t\t\t\t\t<p data-start=\"97\" data-end=\"356\">Todas las consultas se atienden directamente por <strong data-start=\"146\" data-end=\"158\">WhatsApp<\/strong> o mediante <strong data-start=\"170\" data-end=\"208\">llamada telef\u00f3nica al 600 69 44 50<\/strong>, para ofrecerte una atenci\u00f3n r\u00e1pida y personalizada.<br data-start=\"261\" data-end=\"264\" \/>Nuestro objetivo es facilitar el contacto directo sin formularios ni esperas innecesarias.<\/p><p data-start=\"358\" data-end=\"627\"><strong data-start=\"358\" data-end=\"373\">Importante:<\/strong> esta web <strong data-start=\"383\" data-end=\"427\">no recopila ni almacena datos personales<\/strong> de los usuarios ni de las consultas realizadas. La comunicaci\u00f3n se gestiona de forma externa y segura a trav\u00e9s de los canales mencionados, garantizando siempre tu <strong data-start=\"591\" data-end=\"624\">privacidad y confidencialidad<\/strong>.<\/p><p data-start=\"358\" data-end=\"627\">Las comunicaciones a trav\u00e9s de WhatsApp se rigen por la pol\u00edtica de privacidad de WhatsApp. Esta web no almacena ni procesa los datos de las consultas<\/p>\t\t\t\t\t\t\t\t<\/div>\n\t\t\t\t<\/div>\n\t\t\t\t\t<\/div>\n\t\t<\/div>\n\t\t\t\t\t<\/div>\n\t\t<\/section>\n\t\t\t\t<\/div>\n\t\t","protected":false},"excerpt":{"rendered":"<p>Todas las consultas se atienden directamente por WhatsApp o mediante llamada telef\u00f3nica al 600 69 44 50, para ofrecerte una atenci\u00f3n r\u00e1pida [&hellip;]<\/p>\n","protected":false},"author":1,"featured_media":0,"parent":0,"menu_order":0,"comment_status":"closed","ping_status":"closed","template":"page-templates\/page_fullwidth.php","meta":{"_glsr_average":0,"_glsr_ranking":0,"_glsr_reviews":0,"footnotes":""},"class_list":["post-302","page","type-page","status-publish","hentry"],"yoast_head":"<!-- This site is optimized with the Yoast SEO plugin v27.4 - https:\/\/yoast.com\/product\/yoast-seo-wordpress\/ -->\n<title>- BUENINFORMATICO<\/title>\n<meta name=\"robots\" content=\"index, follow, max-snippet:-1, max-image-preview:large, max-video-preview:-1\" \/>\n<link rel=\"canonical\" href=\"https:\/\/bueninformatico.com\/wordpress\/contacto\/\" \/>\n<meta property=\"og:locale\" content=\"es_ES\" \/>\n<meta property=\"og:type\" content=\"article\" \/>\n<meta property=\"og:title\" content=\"- BUENINFORMATICO\" \/>\n<meta property=\"og:description\" content=\"Todas las consultas se atienden directamente por WhatsApp o mediante llamada telef\u00f3nica al 600 69 44 50, para ofrecerte una atenci\u00f3n r\u00e1pida [&hellip;]\" \/>\n<meta property=\"og:url\" content=\"https:\/\/bueninformatico.com\/wordpress\/contacto\/\" \/>\n<meta property=\"og:site_name\" content=\"BUENINFORMATICO\" \/>\n<meta property=\"article:publisher\" content=\"https:\/\/www.facebook.com\/bueninformatico\" \/>\n<meta property=\"article:modified_time\" content=\"2025-10-17T09:37:32+00:00\" \/>\n<meta property=\"og:image\" content=\"https:\/\/bueninformatico.com\/wordpress\/wp-content\/uploads\/2025\/03\/whatsApp.png\" \/>\n<meta name=\"twitter:card\" content=\"summary_large_image\" \/>\n<meta name=\"twitter:label1\" content=\"Tiempo de lectura\" \/>\n\t<meta name=\"twitter:data1\" content=\"1 minuto\" \/>\n<script type=\"application\/ld+json\" class=\"yoast-schema-graph\">{\"@context\":\"https:\\\/\\\/schema.org\",\"@graph\":[{\"@type\":\"WebPage\",\"@id\":\"https:\\\/\\\/bueninformatico.com\\\/wordpress\\\/contacto\\\/\",\"url\":\"https:\\\/\\\/bueninformatico.com\\\/wordpress\\\/contacto\\\/\",\"name\":\"- BUENINFORMATICO\",\"isPartOf\":{\"@id\":\"https:\\\/\\\/bueninformatico.com\\\/wordpress\\\/#website\"},\"primaryImageOfPage\":{\"@id\":\"https:\\\/\\\/bueninformatico.com\\\/wordpress\\\/contacto\\\/#primaryimage\"},\"image\":{\"@id\":\"https:\\\/\\\/bueninformatico.com\\\/wordpress\\\/contacto\\\/#primaryimage\"},\"thumbnailUrl\":\"https:\\\/\\\/bueninformatico.com\\\/wordpress\\\/wp-content\\\/uploads\\\/2025\\\/03\\\/whatsApp.png\",\"datePublished\":\"2025-10-17T09:29:36+00:00\",\"dateModified\":\"2025-10-17T09:37:32+00:00\",\"inLanguage\":\"es\",\"potentialAction\":[{\"@type\":\"ReadAction\",\"target\":[\"https:\\\/\\\/bueninformatico.com\\\/wordpress\\\/contacto\\\/\"]}]},{\"@type\":\"ImageObject\",\"inLanguage\":\"es\",\"@id\":\"https:\\\/\\\/bueninformatico.com\\\/wordpress\\\/contacto\\\/#primaryimage\",\"url\":\"https:\\\/\\\/bueninformatico.com\\\/wordpress\\\/wp-content\\\/uploads\\\/2025\\\/03\\\/whatsApp.png\",\"contentUrl\":\"https:\\\/\\\/bueninformatico.com\\\/wordpress\\\/wp-content\\\/uploads\\\/2025\\\/03\\\/whatsApp.png\",\"width\":100,\"height\":100},{\"@type\":\"WebSite\",\"@id\":\"https:\\\/\\\/bueninformatico.com\\\/wordpress\\\/#website\",\"url\":\"https:\\\/\\\/bueninformatico.com\\\/wordpress\\\/\",\"name\":\"\u27a4 600 69 44 50 | BUENINFORMATICO\",\"description\":\"\",\"publisher\":{\"@id\":\"https:\\\/\\\/bueninformatico.com\\\/wordpress\\\/#organization\"},\"potentialAction\":[{\"@type\":\"SearchAction\",\"target\":{\"@type\":\"EntryPoint\",\"urlTemplate\":\"https:\\\/\\\/bueninformatico.com\\\/wordpress\\\/?s={search_term_string}\"},\"query-input\":{\"@type\":\"PropertyValueSpecification\",\"valueRequired\":true,\"valueName\":\"search_term_string\"}}],\"inLanguage\":\"es\"},{\"@type\":\"Organization\",\"@id\":\"https:\\\/\\\/bueninformatico.com\\\/wordpress\\\/#organization\",\"name\":\"Buen Inform\u00e1tico\",\"url\":\"https:\\\/\\\/bueninformatico.com\\\/wordpress\\\/\",\"logo\":{\"@type\":\"ImageObject\",\"inLanguage\":\"es\",\"@id\":\"https:\\\/\\\/bueninformatico.com\\\/wordpress\\\/#\\\/schema\\\/logo\\\/image\\\/\",\"url\":\"https:\\\/\\\/bueninformatico.com\\\/wordpress\\\/wp-content\\\/uploads\\\/2020\\\/03\\\/logo_final.png\",\"contentUrl\":\"https:\\\/\\\/bueninformatico.com\\\/wordpress\\\/wp-content\\\/uploads\\\/2020\\\/03\\\/logo_final.png\",\"width\":140,\"height\":141,\"caption\":\"Buen Inform\u00e1tico\"},\"image\":{\"@id\":\"https:\\\/\\\/bueninformatico.com\\\/wordpress\\\/#\\\/schema\\\/logo\\\/image\\\/\"},\"sameAs\":[\"https:\\\/\\\/www.facebook.com\\\/bueninformatico\",\"https:\\\/\\\/www.instagram.com\\\/bueninformatico\\\/\"]}]}<\/script>\n<!-- \/ Yoast SEO plugin. -->","yoast_head_json":{"title":"- BUENINFORMATICO","robots":{"index":"index","follow":"follow","max-snippet":"max-snippet:-1","max-image-preview":"max-image-preview:large","max-video-preview":"max-video-preview:-1"},"canonical":"https:\/\/bueninformatico.com\/wordpress\/contacto\/","og_locale":"es_ES","og_type":"article","og_title":"- BUENINFORMATICO","og_description":"Todas las consultas se atienden directamente por WhatsApp o mediante llamada telef\u00f3nica al 600 69 44 50, para ofrecerte una atenci\u00f3n r\u00e1pida [&hellip;]","og_url":"https:\/\/bueninformatico.com\/wordpress\/contacto\/","og_site_name":"BUENINFORMATICO","article_publisher":"https:\/\/www.facebook.com\/bueninformatico","article_modified_time":"2025-10-17T09:37:32+00:00","og_image":[{"url":"https:\/\/bueninformatico.com\/wordpress\/wp-content\/uploads\/2025\/03\/whatsApp.png","type":"","width":"","height":""}],"twitter_card":"summary_large_image","twitter_misc":{"Tiempo de lectura":"1 minuto"},"schema":{"@context":"https:\/\/schema.org","@graph":[{"@type":"WebPage","@id":"https:\/\/bueninformatico.com\/wordpress\/contacto\/","url":"https:\/\/bueninformatico.com\/wordpress\/contacto\/","name":"- BUENINFORMATICO","isPartOf":{"@id":"https:\/\/bueninformatico.com\/wordpress\/#website"},"primaryImageOfPage":{"@id":"https:\/\/bueninformatico.com\/wordpress\/contacto\/#primaryimage"},"image":{"@id":"https:\/\/bueninformatico.com\/wordpress\/contacto\/#primaryimage"},"thumbnailUrl":"https:\/\/bueninformatico.com\/wordpress\/wp-content\/uploads\/2025\/03\/whatsApp.png","datePublished":"2025-10-17T09:29:36+00:00","dateModified":"2025-10-17T09:37:32+00:00","inLanguage":"es","potentialAction":[{"@type":"ReadAction","target":["https:\/\/bueninformatico.com\/wordpress\/contacto\/"]}]},{"@type":"ImageObject","inLanguage":"es","@id":"https:\/\/bueninformatico.com\/wordpress\/contacto\/#primaryimage","url":"https:\/\/bueninformatico.com\/wordpress\/wp-content\/uploads\/2025\/03\/whatsApp.png","contentUrl":"https:\/\/bueninformatico.com\/wordpress\/wp-content\/uploads\/2025\/03\/whatsApp.png","width":100,"height":100},{"@type":"WebSite","@id":"https:\/\/bueninformatico.com\/wordpress\/#website","url":"https:\/\/bueninformatico.com\/wordpress\/","name":"\u27a4 600 69 44 50 | BUENINFORMATICO","description":"","publisher":{"@id":"https:\/\/bueninformatico.com\/wordpress\/#organization"},"potentialAction":[{"@type":"SearchAction","target":{"@type":"EntryPoint","urlTemplate":"https:\/\/bueninformatico.com\/wordpress\/?s={search_term_string}"},"query-input":{"@type":"PropertyValueSpecification","valueRequired":true,"valueName":"search_term_string"}}],"inLanguage":"es"},{"@type":"Organization","@id":"https:\/\/bueninformatico.com\/wordpress\/#organization","name":"Buen Inform\u00e1tico","url":"https:\/\/bueninformatico.com\/wordpress\/","logo":{"@type":"ImageObject","inLanguage":"es","@id":"https:\/\/bueninformatico.com\/wordpress\/#\/schema\/logo\/image\/","url":"https:\/\/bueninformatico.com\/wordpress\/wp-content\/uploads\/2020\/03\/logo_final.png","contentUrl":"https:\/\/bueninformatico.com\/wordpress\/wp-content\/uploads\/2020\/03\/logo_final.png","width":140,"height":141,"caption":"Buen Inform\u00e1tico"},"image":{"@id":"https:\/\/bueninformatico.com\/wordpress\/#\/schema\/logo\/image\/"},"sameAs":["https:\/\/www.facebook.com\/bueninformatico","https:\/\/www.instagram.com\/bueninformatico\/"]}]}},"_links":{"self":[{"href":"https:\/\/bueninformatico.com\/wordpress\/wp-json\/wp\/v2\/pages\/302","targetHints":{"allow":["GET"]}}],"collection":[{"href":"https:\/\/bueninformatico.com\/wordpress\/wp-json\/wp\/v2\/pages"}],"about":[{"href":"https:\/\/bueninformatico.com\/wordpress\/wp-json\/wp\/v2\/types\/page"}],"author":[{"embeddable":true,"href":"https:\/\/bueninformatico.com\/wordpress\/wp-json\/wp\/v2\/users\/1"}],"replies":[{"embeddable":true,"href":"https:\/\/bueninformatico.com\/wordpress\/wp-json\/wp\/v2\/comments?post=302"}],"version-history":[{"count":70,"href":"https:\/\/bueninformatico.com\/wordpress\/wp-json\/wp\/v2\/pages\/302\/revisions"}],"predecessor-version":[{"id":3756,"href":"https:\/\/bueninformatico.com\/wordpress\/wp-json\/wp\/v2\/pages\/302\/revisions\/3756"}],"wp:attachment":[{"href":"https:\/\/bueninformatico.com\/wordpress\/wp-json\/wp\/v2\/media?parent=302"}],"curies":[{"name":"wp","href":"https:\/\/api.w.org\/{rel}","templated":true}]}}